{"id":7185,"date":"2023-11-16T13:53:25","date_gmt":"2023-11-16T13:53:25","guid":{"rendered":"https:\/\/rado-design.at\/?post_type=product&#038;p=7185"},"modified":"2025-06-21T12:59:15","modified_gmt":"2025-06-21T12:59:15","slug":"ringkissen-lea","status":"publish","type":"product","link":"https:\/\/rado-design.at\/en\/product\/ringkissen-lea\/","title":{"rendered":"Ringkissen &#8220;Lea&#8221;"},"content":{"rendered":"","protected":false},"excerpt":{"rendered":"<p>Die Ringkissen-Tradition geht urspr\u00fcnglich bis Jahrtausenden nach \u00c4gypten zur\u00fcck, wo edle Geschenke , Juwelen dem Brautpaar auf einem verzierten Kissen pr\u00e4sentiert wurden. Damit heutzutage die Eheringe ihren angemessenen Auftritt haben, werden sie vom Ringtr\u00e4ger auf einem Ringkissen liebevoll und stilecht \u00fcbergeben. Meine Ringkissen Kollektion ist von mir aus Spitze handgen\u00e4ht, auch die Applikationen n\u00e4he ich per Hand darauf ( nicht maschinell).Damit die Eheringe gut halten, werden sie mit einem eingen\u00e4hten Seidenband auf dem Ringkissen mit einer Masche befestigt.<\/p>\n<p>Kissengr\u00f6sse: 8 cm x 10 cm<\/p>\n<p>H\u00f6he inkl. Applikation : ca 4 cm<\/p>","protected":false},"featured_media":7177,"comment_status":"open","ping_status":"closed","template":"","meta":[],"product_brand":[],"product_cat":[152],"product_tag":[],"class_list":{"0":"post-7185","1":"product","2":"type-product","3":"status-publish","4":"has-post-thumbnail","6":"product_cat-ringkissen","7":"clearfix","9":"first","10":"instock","11":"taxable","12":"shipping-taxable","13":"purchasable","14":"product-type-simple"},"_links":{"self":[{"href":"https:\/\/rado-design.at\/en\/wp-json\/wp\/v2\/product\/7185","targetHints":{"allow":["GET"]}}],"collection":[{"href":"https:\/\/rado-design.at\/en\/wp-json\/wp\/v2\/product"}],"about":[{"href":"https:\/\/rado-design.at\/en\/wp-json\/wp\/v2\/types\/product"}],"replies":[{"embeddable":true,"href":"https:\/\/rado-design.at\/en\/wp-json\/wp\/v2\/comments?post=7185"}],"wp:featuredmedia":[{"embeddable":true,"href":"https:\/\/rado-design.at\/en\/wp-json\/wp\/v2\/media\/7177"}],"wp:attachment":[{"href":"https:\/\/rado-design.at\/en\/wp-json\/wp\/v2\/media?parent=7185"}],"wp:term":[{"taxonomy":"product_brand","embeddable":true,"href":"https:\/\/rado-design.at\/en\/wp-json\/wp\/v2\/product_brand?post=7185"},{"taxonomy":"product_cat","embeddable":true,"href":"https:\/\/rado-design.at\/en\/wp-json\/wp\/v2\/product_cat?post=7185"},{"taxonomy":"product_tag","embeddable":true,"href":"https:\/\/rado-design.at\/en\/wp-json\/wp\/v2\/product_tag?post=7185"}],"curies":[{"name":"wp","href":"https:\/\/api.w.org\/{rel}","templated":true}]}}