{"id":7186,"date":"2023-11-27T15:07:29","date_gmt":"2023-11-27T15:07:29","guid":{"rendered":"https:\/\/rado-design.at\/?post_type=product&#038;p=7186"},"modified":"2025-06-21T12:58:07","modified_gmt":"2025-06-21T12:58:07","slug":"__trashed-5","status":"publish","type":"product","link":"https:\/\/rado-design.at\/en\/product\/__trashed-5\/","title":{"rendered":"Ringkissen &#8220;Caracol&#8221;"},"content":{"rendered":"","protected":false},"excerpt":{"rendered":"<p>Die Ringkissen-Tradition geht bis ins Jahrtausenden nach \u00c4gypten zur\u00fcck, wo edle Geschenke , Juwelen dem Brautpaar auf einem verzierten Kissen pr\u00e4sentiert wurden. Damit heutzutage die Eheringe ihren angemessenen Auftritt haben, werden sie vom Ringtr\u00e4ger auf einem Ringkissen liebevoll und stilecht \u00fcbergeben. Meine Ringkissen Kollektion ist von mir aus Spitze handgen\u00e4ht, auch die Blumen Applikationen n\u00e4he ich per Hand darauf ( nicht maschinell). Veredelt habe ich sie mit feinen Bl\u00fcten die von mir in liebevoller Handarbeit bemalten wurden. Damit die Eheringe gut halten, werden sie mit einem eingen\u00e4hten Seidenband auf dem Ringkissen mit einer Masche befestigt. Ringkissen &#8220;Caracol&#8221; passt perfekt zur Haarreif &#8220;Caracol&#8221;.<\/p>\n<p>Applikation: Echte Schnecke, echte Muschel &amp; S\u00fcsswasserperlen<\/p>\n<p>Kissengr\u00f6sse: ca 8,5 cm x 9,5 cm<\/p>\n<p>H\u00f6he inkl. Applikation : ca 5,5 cm<\/p>","protected":false},"featured_media":7164,"comment_status":"open","ping_status":"closed","template":"","meta":[],"product_brand":[],"product_cat":[152],"product_tag":[],"class_list":{"0":"post-7186","1":"product","2":"type-product","3":"status-publish","4":"has-post-thumbnail","6":"product_cat-ringkissen","7":"clearfix","9":"first","10":"instock","11":"taxable","12":"shipping-taxable","13":"purchasable","14":"product-type-simple"},"_links":{"self":[{"href":"https:\/\/rado-design.at\/en\/wp-json\/wp\/v2\/product\/7186","targetHints":{"allow":["GET"]}}],"collection":[{"href":"https:\/\/rado-design.at\/en\/wp-json\/wp\/v2\/product"}],"about":[{"href":"https:\/\/rado-design.at\/en\/wp-json\/wp\/v2\/types\/product"}],"replies":[{"embeddable":true,"href":"https:\/\/rado-design.at\/en\/wp-json\/wp\/v2\/comments?post=7186"}],"wp:featuredmedia":[{"embeddable":true,"href":"https:\/\/rado-design.at\/en\/wp-json\/wp\/v2\/media\/7164"}],"wp:attachment":[{"href":"https:\/\/rado-design.at\/en\/wp-json\/wp\/v2\/media?parent=7186"}],"wp:term":[{"taxonomy":"product_brand","embeddable":true,"href":"https:\/\/rado-design.at\/en\/wp-json\/wp\/v2\/product_brand?post=7186"},{"taxonomy":"product_cat","embeddable":true,"href":"https:\/\/rado-design.at\/en\/wp-json\/wp\/v2\/product_cat?post=7186"},{"taxonomy":"product_tag","embeddable":true,"href":"https:\/\/rado-design.at\/en\/wp-json\/wp\/v2\/product_tag?post=7186"}],"curies":[{"name":"wp","href":"https:\/\/api.w.org\/{rel}","templated":true}]}}