{"id":7777,"date":"2024-06-06T09:58:38","date_gmt":"2024-06-06T09:58:38","guid":{"rendered":"https:\/\/rado-design.at\/?post_type=product&#038;p=7777"},"modified":"2025-12-09T15:27:47","modified_gmt":"2025-12-09T15:27:47","slug":"ohrhaenger-alina","status":"publish","type":"product","link":"https:\/\/rado-design.at\/en\/product\/ohrhaenger-alina\/","title":{"rendered":"Ohrh\u00e4nger &#8220;Alina&#8221; 2 in 1"},"content":{"rendered":"","protected":false},"excerpt":{"rendered":"<p>Ohrh\u00e4nger &#8220;Alina&#8221; besteht aus von mir in liebevoller Handarbeit bemalten Blumen und aus S\u00fcsswasserperlen. Der Verschluss ist aus Edelstahl (nickelfrei). Du kannst die Blumen Stecker separat tragen ohne die Perlen. Perlen Teil einfach raush\u00e4ngen und schwuppdiwupp hat man zwei paar Ohrringe \ud83d\ude42<\/p>\n<p>Bl\u00fcten Gr\u00f6sse: 2,5 x 3 cm<\/p>\n<p>Gesamtl\u00e4nge : 9,2 cm (bzw. 7,5 cm vom Stecker gemessen)<\/p>\n<p>Fotos : Jana Voglauer Lovestory<\/p>","protected":false},"featured_media":7774,"comment_status":"open","ping_status":"closed","template":"","meta":[],"product_brand":[],"product_cat":[141,145],"product_tag":[],"class_list":{"0":"post-7777","1":"product","2":"type-product","3":"status-publish","4":"has-post-thumbnail","6":"product_cat-braut-schmuck","7":"product_cat-ohrschmuck-floral","8":"clearfix","10":"first","11":"instock","12":"taxable","13":"shipping-taxable","14":"purchasable","15":"product-type-simple"},"_links":{"self":[{"href":"https:\/\/rado-design.at\/en\/wp-json\/wp\/v2\/product\/7777","targetHints":{"allow":["GET"]}}],"collection":[{"href":"https:\/\/rado-design.at\/en\/wp-json\/wp\/v2\/product"}],"about":[{"href":"https:\/\/rado-design.at\/en\/wp-json\/wp\/v2\/types\/product"}],"replies":[{"embeddable":true,"href":"https:\/\/rado-design.at\/en\/wp-json\/wp\/v2\/comments?post=7777"}],"wp:featuredmedia":[{"embeddable":true,"href":"https:\/\/rado-design.at\/en\/wp-json\/wp\/v2\/media\/7774"}],"wp:attachment":[{"href":"https:\/\/rado-design.at\/en\/wp-json\/wp\/v2\/media?parent=7777"}],"wp:term":[{"taxonomy":"product_brand","embeddable":true,"href":"https:\/\/rado-design.at\/en\/wp-json\/wp\/v2\/product_brand?post=7777"},{"taxonomy":"product_cat","embeddable":true,"href":"https:\/\/rado-design.at\/en\/wp-json\/wp\/v2\/product_cat?post=7777"},{"taxonomy":"product_tag","embeddable":true,"href":"https:\/\/rado-design.at\/en\/wp-json\/wp\/v2\/product_tag?post=7777"}],"curies":[{"name":"wp","href":"https:\/\/api.w.org\/{rel}","templated":true}]}}