{"id":9990,"date":"2025-05-22T19:41:03","date_gmt":"2025-05-22T19:41:03","guid":{"rendered":"https:\/\/rado-design.at\/?post_type=product&#038;p=9990"},"modified":"2025-05-24T09:00:27","modified_gmt":"2025-05-24T09:00:27","slug":"ohrhaenger-ines","status":"publish","type":"product","link":"https:\/\/rado-design.at\/en\/product\/ohrhaenger-ines\/","title":{"rendered":"Ohrh\u00e4nger &#8220;Ines&#8221;"},"content":{"rendered":"","protected":false},"excerpt":{"rendered":"<p>Ohrh\u00e4nger &#8220;Ines&#8221; besteht aus von mir in liebevoller Handarbeit bemalten Blumen, die ich mit S\u00fcsswasserperlen und Resin-Tropfen kombiniert habe. Der Verschluss ist aus Edelstahl (Vergoldet \/ Nickelfrei ).<\/p>\n<p>Gesamtl\u00e4nge : ca 4 cm<\/p>\n<p>Farbe : Ivory \/ Perlmutteffekt \/ Pastellgelb<\/p>","protected":false},"featured_media":9935,"comment_status":"open","ping_status":"closed","template":"","meta":[],"product_brand":[],"product_cat":[141,145],"product_tag":[],"class_list":{"0":"post-9990","1":"product","2":"type-product","3":"status-publish","4":"has-post-thumbnail","6":"product_cat-braut-schmuck","7":"product_cat-ohrschmuck-floral","8":"clearfix","10":"first","11":"instock","12":"taxable","13":"shipping-taxable","14":"purchasable","15":"product-type-simple"},"_links":{"self":[{"href":"https:\/\/rado-design.at\/en\/wp-json\/wp\/v2\/product\/9990","targetHints":{"allow":["GET"]}}],"collection":[{"href":"https:\/\/rado-design.at\/en\/wp-json\/wp\/v2\/product"}],"about":[{"href":"https:\/\/rado-design.at\/en\/wp-json\/wp\/v2\/types\/product"}],"replies":[{"embeddable":true,"href":"https:\/\/rado-design.at\/en\/wp-json\/wp\/v2\/comments?post=9990"}],"wp:featuredmedia":[{"embeddable":true,"href":"https:\/\/rado-design.at\/en\/wp-json\/wp\/v2\/media\/9935"}],"wp:attachment":[{"href":"https:\/\/rado-design.at\/en\/wp-json\/wp\/v2\/media?parent=9990"}],"wp:term":[{"taxonomy":"product_brand","embeddable":true,"href":"https:\/\/rado-design.at\/en\/wp-json\/wp\/v2\/product_brand?post=9990"},{"taxonomy":"product_cat","embeddable":true,"href":"https:\/\/rado-design.at\/en\/wp-json\/wp\/v2\/product_cat?post=9990"},{"taxonomy":"product_tag","embeddable":true,"href":"https:\/\/rado-design.at\/en\/wp-json\/wp\/v2\/product_tag?post=9990"}],"curies":[{"name":"wp","href":"https:\/\/api.w.org\/{rel}","templated":true}]}}